{"id":52749,"date":"2018-05-28T13:30:38","date_gmt":"2018-05-28T13:30:38","guid":{"rendered":"https:\/\/econia.net\/proyectos\/"},"modified":"2019-11-03T09:46:35","modified_gmt":"2019-11-03T09:46:35","slug":"projectes","status":"publish","type":"page","link":"https:\/\/econia.net\/ca\/projectes\/","title":{"rendered":"Projectes"},"content":{"rendered":"\n\t\t\t<h1>Els nostres projectes<\/h1>\t\t\t\n\t\t\t\t<p>A <b>econia<\/b> ens comprometem a un disseny de projectes amb una correcta gesti\u00f3 mediambiental, oferint una soluci\u00f3 integral i viable en tots els vectors ambientals (residus, aigua, s\u00f2l, aire i soroll), adaptada a les necessitats reals dels nostres clients i complint amb les diferents legislacions. <\/p>\n<p>Mitjan\u00e7ant els nostres serveis, ajudem als clients en la presa de decisions clau, dissenyant i implementant projectes i solucions personalitzades.<\/p>\n\t\t\t\t\t\t\t\t\t\t\t\t\t\t<a href=\"https:\/\/econia.net\/ca\/proyecto\/aplicacio-de-lecoinnovacio-i-economia-circular-en-components-dautocars\/\" target=\"_self\"  title=\"Aplicaci\u00f3 de l&#8217;Ecoinnovaci\u00f3 i Economia Circular en components d&#8217;autocars\">\n\t\t\t\t<img decoding=\"async\" src=\"https:\/\/econia.net\/wp-content\/uploads\/2018\/11\/econia_Project_6_Inici-300x300.jpg\" alt=\"\" \/>\n\t\t\t\t<\/a>\n\t\t\t\t\t\t<h3>\n\t\t\t\t<a href=https:\/\/econia.net\/ca\/proyecto\/aplicacio-de-lecoinnovacio-i-economia-circular-en-components-dautocars\/ title=\"Aplicaci\u00f3 de l&#8217;Ecoinnovaci\u00f3 i Economia Circular en components d&#8217;autocars\" tabindex=\"0\">Aplicaci\u00f3 de l&#8217;Ecoinnovaci\u00f3 i Economia Circular en components d&#8217;autocars<\/a>\t\t\t<\/h3>\n\t\t\t\t\t\t\t\tIRIZAR \u00e9s l&#8217;empresa matriu d&#8217;un grup empresarial l\u00edder en el sector d&#8217;autobusos i autocars, a m\u00e9s de ser &#8230;\n\t\t\t\t\t\t\t\t\t\t\t\t\t\t<a href=\"https:\/\/econia.net\/ca\/proyecto\/disseny-i-autoritzacio-dun-centre-de-tractament-de-vehicles\/\" target=\"_self\"  title=\"Disseny i autoritzaci\u00f3 d&#8217;un centre de tractament de vehicles\">\n\t\t\t\t<img decoding=\"async\" src=\"https:\/\/econia.net\/wp-content\/uploads\/2018\/06\/econia_Project_2_Inici-300x300.jpg\" alt=\"\" \/>\n\t\t\t\t<\/a>\n\t\t\t\t\t\t<h3>\n\t\t\t\t<a href=https:\/\/econia.net\/ca\/proyecto\/disseny-i-autoritzacio-dun-centre-de-tractament-de-vehicles\/ title=\"Disseny i autoritzaci\u00f3 d&#8217;un centre de tractament de vehicles\" tabindex=\"0\">Disseny i autoritzaci\u00f3 d&#8217;un centre de tractament de vehicles<\/a>\t\t\t<\/h3>\n\t\t\t\t\t\t\t\tHem projectat i autoritzat un dels majors CAT &#8216;s (Centre Autoritzat de Tractament) de Catalunya per a l&#8217;empresa &#8230;\n\t\t\t\t\t\t\t\t\t\t\t\t\t\t<a href=\"https:\/\/econia.net\/ca\/proyecto\/assessorament-ambiental-a-gestor-de-residus-liquids\/\" target=\"_self\"  title=\"Assessorament ambiental a gestor de residus l\u00edquids\">\n\t\t\t\t<img decoding=\"async\" src=\"https:\/\/econia.net\/wp-content\/uploads\/2018\/05\/econia_Project_1_Inici-1-300x300.jpg\" alt=\"\" \/>\n\t\t\t\t<\/a>\n\t\t\t\t\t\t<h3>\n\t\t\t\t<a href=https:\/\/econia.net\/ca\/proyecto\/assessorament-ambiental-a-gestor-de-residus-liquids\/ title=\"Assessorament ambiental a gestor de residus l\u00edquids\" tabindex=\"0\">Assessorament ambiental a gestor de residus l\u00edquids<\/a>\t\t\t<\/h3>\n\t\t\t\t\t\t\t\tDes de fa anys, a econia assessorem de forma cont\u00ednua a PEINAJE DEL R\u00cdO LLOBREGAT, una empresa de &#8230;\n\t\t\t\t\t\t\t\t\t\t\t\t\t\t<a href=\"https:\/\/econia.net\/ca\/proyecto\/project-manager-i-compliance-manager-life-coop2020\/\" target=\"_self\"  title=\"Project manager i compliance manager LIFE COOP2020\">\n\t\t\t\t<img decoding=\"async\" src=\"https:\/\/econia.net\/wp-content\/uploads\/2018\/06\/econia_Project_4_Inici-1-300x300.jpg\" alt=\"\" \/>\n\t\t\t\t<\/a>\n\t\t\t\t\t\t<h3>\n\t\t\t\t<a href=https:\/\/econia.net\/ca\/proyecto\/project-manager-i-compliance-manager-life-coop2020\/ title=\"Project manager i compliance manager LIFE COOP2020\" tabindex=\"0\">Project manager i compliance manager LIFE COOP2020<\/a>\t\t\t<\/h3>\n\t\t\t\t\t\t\t\tLa nostra experi\u00e8ncia en gesti\u00f3 de projectes i solucions d&#8217;enginyeria ambiental, ha perm\u00e8s que dirigim i controlem el &#8230;\n\t\t\t\t\t\t\t\t\t\t\t\t\t\t<a href=\"https:\/\/econia.net\/ca\/proyecto\/consecucio-certificacio-energetica-leedgold-en-edifici-doficines\/\" target=\"_self\"  title=\"Consecuci\u00f3 certificaci\u00f3 energ\u00e8tica LEEDGOLD en edifici d&#8217;oficines\">\n\t\t\t\t<img decoding=\"async\" src=\"https:\/\/econia.net\/wp-content\/uploads\/2018\/06\/econia_Project_3_Inici-300x300.jpg\" alt=\"\" \/>\n\t\t\t\t<\/a>\n\t\t\t\t\t\t<h3>\n\t\t\t\t<a href=https:\/\/econia.net\/ca\/proyecto\/consecucio-certificacio-energetica-leedgold-en-edifici-doficines\/ title=\"Consecuci\u00f3 certificaci\u00f3 energ\u00e8tica LEEDGOLD en edifici d&#8217;oficines\" tabindex=\"0\">Consecuci\u00f3 certificaci\u00f3 energ\u00e8tica LEEDGOLD en edifici d&#8217;oficines<\/a>\t\t\t<\/h3>\n\t\t\t\t\t\t\t\tA econia comptem amb especialistes en solucions energ\u00e8tiques i ambientals, de manera que hem estat responsables, per part &#8230;\n\t\t\t\t\t\t\t\t\t\t\t\t\t\t<a href=\"https:\/\/econia.net\/ca\/proyecto\/introduccion-del-concepto-de-la-economia-circular-para-el-desarrollo-de-las-pymes-en-guipuzkoa\/\" target=\"_self\"  title=\"Introducci\u00f3 del concepte de l&#8217;economia circular per al desenvolupament de les pimes a Gipuzkoa\">\n\t\t\t\t<img decoding=\"async\" src=\"https:\/\/econia.net\/wp-content\/uploads\/2018\/07\/meeting-300x300.jpg\" alt=\"\" \/>\n\t\t\t\t<\/a>\n\t\t\t\t\t\t<h3>\n\t\t\t\t<a href=https:\/\/econia.net\/ca\/proyecto\/introduccion-del-concepto-de-la-economia-circular-para-el-desarrollo-de-las-pymes-en-guipuzkoa\/ title=\"Introducci\u00f3 del concepte de l&#8217;economia circular per al desenvolupament de les pimes a Gipuzkoa\" tabindex=\"0\">Introducci\u00f3 del concepte de l&#8217;economia circular per al desenvolupament de les pimes a Gipuzkoa<\/a>\t\t\t<\/h3>\n\t\t\t\t\t\t\t\tDes de la fundaci\u00f3 d&#8217;econia\u00a0hem apostat pels projectes orientats cap a la sostenibilitat, l&#8217;economia circular i l&#8217;ecoinnovaci\u00f3. Amb &#8230;\n\t\t","protected":false},"excerpt":{"rendered":"<p>Els nostres projectes A econia ens comprometem a un disseny de projectes amb una correcta gesti\u00f3 mediambiental, oferint una soluci\u00f3 integral i viable en tots els vectors ambientals (residus, aigua, s\u00f2l, aire i soroll), adaptada a les necessitats reals dels nostres clients i complint amb les diferents legislacions. Mitjan\u00e7ant els nostres serveis, ajudem als clients [&hellip;]<\/p>\n","protected":false},"author":1,"featured_media":0,"parent":0,"menu_order":0,"comment_status":"closed","ping_status":"closed","template":"","meta":{"inline_featured_image":false,"_exactmetrics_skip_tracking":false,"_exactmetrics_sitenote_active":false,"_exactmetrics_sitenote_note":"","_exactmetrics_sitenote_category":0,"footnotes":""},"class_list":["post-52749","page","type-page","status-publish","hentry","entry"],"_links":{"self":[{"href":"https:\/\/econia.net\/ca\/wp-json\/wp\/v2\/pages\/52749","targetHints":{"allow":["GET"]}}],"collection":[{"href":"https:\/\/econia.net\/ca\/wp-json\/wp\/v2\/pages"}],"about":[{"href":"https:\/\/econia.net\/ca\/wp-json\/wp\/v2\/types\/page"}],"author":[{"embeddable":true,"href":"https:\/\/econia.net\/ca\/wp-json\/wp\/v2\/users\/1"}],"replies":[{"embeddable":true,"href":"https:\/\/econia.net\/ca\/wp-json\/wp\/v2\/comments?post=52749"}],"version-history":[{"count":0,"href":"https:\/\/econia.net\/ca\/wp-json\/wp\/v2\/pages\/52749\/revisions"}],"wp:attachment":[{"href":"https:\/\/econia.net\/ca\/wp-json\/wp\/v2\/media?parent=52749"}],"curies":[{"name":"wp","href":"https:\/\/api.w.org\/{rel}","templated":true}]}}