{"id":52744,"date":"2018-05-31T10:05:31","date_gmt":"2018-05-31T10:05:31","guid":{"rendered":"https:\/\/econia.net\/contactanos\/"},"modified":"2019-10-10T07:21:09","modified_gmt":"2019-10-10T07:21:09","slug":"contactans","status":"publish","type":"page","link":"https:\/\/econia.net\/ca\/contactans\/","title":{"rendered":"Contacta&#8217;ns"},"content":{"rendered":"\n\t\t\t<h1>Contacta&#8217;ns<\/h1>\t\t\t\n\t\n<div class=\"wpcf7 no-js\" id=\"wpcf7-f52747-o1\" lang=\"es-ES\" dir=\"ltr\" data-wpcf7-id=\"52747\">\n<div class=\"screen-reader-response\"><p role=\"status\" aria-live=\"polite\" aria-atomic=\"true\"><\/p> <ul><\/ul><\/div>\n<form action=\"\/ca\/wp-json\/wp\/v2\/pages\/52744#wpcf7-f52747-o1\" method=\"post\" class=\"wpcf7-form init\" aria-label=\"Formulario de contacto\" novalidate=\"novalidate\" data-status=\"init\">\n<fieldset class=\"hidden-fields-container\"><input type=\"hidden\" name=\"_wpcf7\" value=\"52747\" \/><input type=\"hidden\" name=\"_wpcf7_version\" value=\"6.1.5\" \/><input type=\"hidden\" name=\"_wpcf7_locale\" value=\"es_ES\" \/><input type=\"hidden\" name=\"_wpcf7_unit_tag\" value=\"wpcf7-f52747-o1\" \/><input type=\"hidden\" name=\"_wpcf7_container_post\" value=\"0\" \/><input type=\"hidden\" name=\"_wpcf7_posted_data_hash\" value=\"\" \/>\n<\/fieldset>\n<p><label><span class=\"wpcf7-form-control-wrap\" data-name=\"your-name\"><input size=\"40\" maxlength=\"400\" class=\"wpcf7-form-control wpcf7-text wpcf7-validates-as-required\" aria-required=\"true\" aria-invalid=\"false\" placeholder=\"Nom*\" value=\"\" type=\"text\" name=\"your-name\" \/><\/span> <\/label>\n<\/p>\n<p><label><span class=\"wpcf7-form-control-wrap\" data-name=\"your-email\"><input size=\"40\" maxlength=\"400\" class=\"wpcf7-form-control wpcf7-email wpcf7-validates-as-required wpcf7-text wpcf7-validates-as-email\" aria-required=\"true\" aria-invalid=\"false\" placeholder=\"Email*\" value=\"\" type=\"email\" name=\"your-email\" \/><\/span> <\/label>\n<\/p>\n<p><label><span class=\"wpcf7-form-control-wrap\" data-name=\"your-subject\"><input size=\"40\" maxlength=\"400\" class=\"wpcf7-form-control wpcf7-text\" aria-invalid=\"false\" placeholder=\"Assumpte\" value=\"\" type=\"text\" name=\"your-subject\" \/><\/span> <\/label>\n<\/p>\n<p><label><span class=\"wpcf7-form-control-wrap\" data-name=\"your-message\"><textarea cols=\"40\" rows=\"3\" maxlength=\"2000\" class=\"wpcf7-form-control wpcf7-textarea\" aria-invalid=\"false\" placeholder=\"Missatge\" name=\"your-message\"><\/textarea><\/span> <\/label>\n<\/p>\n<div class=\"lopd\">\n\t<p>ECONIA EMPRESARIAL, SL es el Responsable del tratamiento de los datos personales del Usuario y le informa que estos datos ser\u00e1n tratados de conformidad con lo dispuesto en el Reglamento (UE)2016\/679 de 27 de abril de 2016 (GDPR), por lo que se le facilita la siguiente informaci\u00f3n del tratamiento:\n\t<\/p>\n\t<p><b>Fin del tratamiento<\/b>: mantener una relaci\u00f3n comercial y el env\u00edo de comunicaciones sobre nuestrosproductos y servicios.\n\t<\/p>\n\t<p><b>Criterios de conservaci\u00f3n de los datos<\/b>: se conservar\u00e1n mientras exista un inter\u00e9s mutuo paramantener el fin del tratamiento y cuando ya no sea necesario para tal fin, se suprimir\u00e1n con medidasde seguridad adecuadas para garantizar la seudonimizaci\u00f3n de los datos o la destrucci\u00f3n total de los mismos.\n\t<\/p>\n\t<p><b>Comunicaci\u00f3n de los datos<\/b>: No se comunicar\u00e1n los datos a terceros, salvo obligaci\u00f3n legal.\n\t<\/p>\n\t<p><b>Derechos que asisten al Usuario<\/b>:\n\t<\/p>\n\t<ul>\n\t\t<li>\n\t\t\t<p>Derecho a retirar el consentimiento en cualquier momento.\n\t\t\t<\/p>\n\t\t<\/li>\n\t\t<li>\n\t\t\t<p>Derecho de acceso, rectificaci\u00f3n, portabilidad y supresi\u00f3n de sus datos y a la limitaci\u00f3n u oposici\u00f3n alsu tratamiento.\n\t\t\t<\/p>\n\t\t<\/li>\n\t\t<li>\n\t\t\t<p>Derecho a presentar una reclamaci\u00f3n ante la Autoridad de control (agpd.es) si considera que eltratamiento no se ajusta a la normativa vigente.\n\t\t\t<\/p>\n\t\t<\/li>\n\t<\/ul>\n\t<p><b>Datos de contacto para ejercer sus derechos<\/b>:\n\t<\/p>\n\t<p>Direcci\u00f3n postal: ECONIA EMPRESARIAL, SL. Pol. Ind. Venta Nova, par. 0, despatx 8 43894 CAMARLES(TARRAGONA). Email: econia@econia.net\n\t<\/p>\n\t<p>Para continuar usted debe aceptar que ha le\u00eddo y est\u00e1 conforme con la cl\u00e1usula anterior.\n\t<\/p>\n<\/div>\n<p class=\"acceptance\"><br \/>\n<span class=\"wpcf7-form-control-wrap\" data-name=\"acceptance-155\"><span class=\"wpcf7-form-control wpcf7-acceptance\"><span class=\"wpcf7-list-item\"><input type=\"checkbox\" name=\"acceptance-155\" value=\"1\" aria-invalid=\"false\" \/><\/span><\/span><\/span>Accepto els <a id=\"lopdshow\">termes i condicions<\/a>\n<\/p>\n<p><input class=\"wpcf7-form-control wpcf7-submit has-spinner\" type=\"submit\" value=\"Enviar\" \/>\n<\/p><div class=\"wpcf7-response-output\" aria-hidden=\"true\"><\/div>\n<\/form>\n<\/div>\n\n\t<ul>\n\t\t<li>\t\t\t\t\n\t\t<h3><a href=\"tel:+34877990545\u2060\u2060\u2060\u2060\">+34 877 990 545<\/a><\/h3 ><\/li><li><a href=\"mailto:econia@econia.net\" target=\"_blank\" rel=\"noopener\"><\/a>\t\t\t\t\n\t\t<h3>econia@econia.net<\/h3 ><p>&nbsp;<\/p>\n<\/li><li>\t\t\n\t\t\t\t<img decoding=\"async\" src=\"https:\/\/econia.net\/wp-content\/uploads\/2018\/05\/pin.png\" alt=\"pin\" itemprop=\"image\"\/>\n\t\t<h3>Seu a Tarragona<\/h3 ><p>Edifici Baix Ebre Innova\u00a043894 \u2013 Camarles<\/p><\/li><li>\t\t\n\t\t\t\t<img decoding=\"async\" src=\"https:\/\/econia.net\/wp-content\/uploads\/2018\/05\/pin.png\" alt=\"pin\" itemprop=\"image\"\/>\n\t\t<h3>Seu a Barcelona<\/h3 ><p>C\/Balmes, 76 1r 2\u00aa 08007 \u2013 Barcelona<\/p><\/li><li>\t\t\n\t\t\t\t<img decoding=\"async\" src=\"https:\/\/econia.net\/wp-content\/uploads\/2018\/05\/pin.png\" alt=\"pin\" itemprop=\"image\"\/>\n\t\t<h3>Seu a Bilbao<\/h3 ><p>C\/ Alameda Rekalde, 27\u00a0 48009 \u2013 Bilbao.<\/p><\/li>\t<\/ul>\n","protected":false},"excerpt":{"rendered":"<p>Contacta&#8217;ns +34 877 990 545 econia@econia.net &nbsp; Seu a Tarragona Edifici Baix Ebre Innova\u00a043894 \u2013 Camarles Seu a Barcelona C\/Balmes, 76 1r 2\u00aa 08007 \u2013 Barcelona Seu a Bilbao C\/ Alameda Rekalde, 27\u00a0 48009 \u2013 Bilbao.<\/p>\n","protected":false},"author":1,"featured_media":0,"parent":0,"menu_order":0,"comment_status":"closed","ping_status":"closed","template":"","meta":{"inline_featured_image":false,"_exactmetrics_skip_tracking":false,"_exactmetrics_sitenote_active":false,"_exactmetrics_sitenote_note":"","_exactmetrics_sitenote_category":0,"footnotes":""},"class_list":["post-52744","page","type-page","status-publish","hentry","entry"],"_links":{"self":[{"href":"https:\/\/econia.net\/ca\/wp-json\/wp\/v2\/pages\/52744","targetHints":{"allow":["GET"]}}],"collection":[{"href":"https:\/\/econia.net\/ca\/wp-json\/wp\/v2\/pages"}],"about":[{"href":"https:\/\/econia.net\/ca\/wp-json\/wp\/v2\/types\/page"}],"author":[{"embeddable":true,"href":"https:\/\/econia.net\/ca\/wp-json\/wp\/v2\/users\/1"}],"replies":[{"embeddable":true,"href":"https:\/\/econia.net\/ca\/wp-json\/wp\/v2\/comments?post=52744"}],"version-history":[{"count":0,"href":"https:\/\/econia.net\/ca\/wp-json\/wp\/v2\/pages\/52744\/revisions"}],"wp:attachment":[{"href":"https:\/\/econia.net\/ca\/wp-json\/wp\/v2\/media?parent=52744"}],"curies":[{"name":"wp","href":"https:\/\/api.w.org\/{rel}","templated":true}]}}