{"id":52741,"date":"2018-05-30T13:35:37","date_gmt":"2018-05-30T13:35:37","guid":{"rendered":"https:\/\/econia.net\/comunicacion\/"},"modified":"2024-01-22T11:17:00","modified_gmt":"2024-01-22T09:17:00","slug":"comunicacio","status":"publish","type":"page","link":"https:\/\/econia.net\/ca\/comunicacio\/","title":{"rendered":"Comunicaci\u00f3"},"content":{"rendered":"\n\n\t\t\t<h1>Not\u00edcies i actualitat<\/h1>\t\t\t\n\t\t\t\t\t\t\t\t\t\t\t\t\t\t<a href=\"https:\/\/econia.net\/ca\/nova-llei-de-la-ue-que-prohibeix-el-blanqueig-ecologic-i-la-informacio-enganyosa\/\" target=\"_self\" title=\"Nova llei de la UE que prohibeix el blanqueig ecol\u00f2gic i la informaci\u00f3 enganyosa\" rel=\"noopener\">\n\t\t\t\t<img decoding=\"async\" src=\"https:\/\/econia.net\/wp-content\/uploads\/2024\/01\/Imagen1.png\" alt=\"\" \/>\n\t\t\t\t<\/a>\n\t\t\t\t\t\t<h2>\n\t\t\t\t\t\t\t\tgener\t\t\t\t\t\t\t\t\n\t\t\t\t\t\t\t\t22\n\t\t\t\t\t\t\t\t2024\n\t\t\t\t\t\t<\/h2>\n\t\t\t\t\t\t<h3>\n\t\t\t\t<a href=https:\/\/econia.net\/ca\/nova-llei-de-la-ue-que-prohibeix-el-blanqueig-ecologic-i-la-informacio-enganyosa\/ title=\"Nova llei de la UE que prohibeix el blanqueig ecol\u00f2gic i la informaci\u00f3 enganyosa\" tabindex=\"0\">Nova llei de la UE que prohibeix el blanqueig ecol\u00f2gic i la informaci\u00f3 enganyosa<\/a>\t\t\t<\/h3>\n\t\t\t\t\t\t\t\tQuedaran prohibides les al\u00b7legacions mediambientals gen\u00e8riques i altra informaci\u00f3 enganyosa. Nom\u00e9s s&#8217; acceptaran etiquetes de sostenibilitat basades en &#8230;\n\t\t\t\t<p>A <strong>E<\/strong><strong>conia<\/strong> informem de l&#8217;actualitat d&#8217;una forma \u00e0gil, mitjan\u00e7ant not\u00edcies d&#8217;inter\u00e8s relacionades amb el sector i la immediatesa de les xarxes socials. D&#8217;aquesta manera, fem arribar el dinamisme de la nostra consultoria ambiental a trav\u00e9s de diferents formats per informar de les novetats que succeeixen al sector.<\/p>\n<p>A m\u00e9s, podeu seguir les pon\u00e8ncies i jornades t\u00e8cniques en les quals participem, b\u00e9 en nom propi o en el de les organitzacions i administracions amb les quals col\u00b7laborem.<\/p>\n\t\t\t\t\t\t\t\t\t\t\t\t\t\t<a href=\"https:\/\/econia.net\/ca\/la-generalitat-accelera-el-canvi-cap-a-leconomia-circular-amb-un-full-de-ruta-fins-al-2030\/\" target=\"_self\" title=\"La Generalitat accelera el canvi cap a l&#8217;economia circular amb un full de ruta fins al 2030.\" rel=\"noopener\">\n\t\t\t\t<img decoding=\"async\" src=\"https:\/\/econia.net\/wp-content\/uploads\/2024\/01\/Imagen1.jpg\" alt=\"\" \/>\n\t\t\t\t<\/a>\n\t\t\t\t\t\t<h2>\n\t\t\t\t\t\t\t\tgener\t\t\t\t\t\t\t\t\n\t\t\t\t\t\t\t\t4\n\t\t\t\t\t\t\t\t2024\n\t\t\t\t\t\t<\/h2>\n\t\t\t\t\t\t<h3>\n\t\t\t\t<a href=https:\/\/econia.net\/ca\/la-generalitat-accelera-el-canvi-cap-a-leconomia-circular-amb-un-full-de-ruta-fins-al-2030\/ title=\"La Generalitat accelera el canvi cap a l&#8217;economia circular amb un full de ruta fins al 2030.\" tabindex=\"0\">La Generalitat accelera el canvi cap a l&#8217;economia circular amb un full de ruta fins al 2030.<\/a>\t\t\t<\/h3>\n\t\t\t\t\t\t\t\tEl document ha estat possible gr\u00e0cies a la col\u00b7laboraci\u00f3 de diversos departaments del Govern, en el marc del &#8230;\n\t\t\t\t\t\t\t\t\t\t\t\t\t\t<a href=\"https:\/\/econia.net\/ca\/la-comissio-europea-ha-fixat-normes-per-a-aplicar-lajustament-en-els-pagaments-per-emissions\/\" target=\"_self\" title=\"La Comissi\u00f3 Europea ha fixat normes per a aplicar l'ajustament en els pagaments per emissions.\" rel=\"noopener\">\n\t\t\t\t<img decoding=\"async\" src=\"https:\/\/econia.net\/wp-content\/uploads\/2023\/11\/Industria-Imatge-WEB-1024x1024.jpg\" alt=\"\" \/>\n\t\t\t\t<\/a>\n\t\t\t\t\t\t<h2>\n\t\t\t\t\t\t\t\tnovembre\t\t\t\t\t\t\t\t\n\t\t\t\t\t\t\t\t6\n\t\t\t\t\t\t\t\t2023\n\t\t\t\t\t\t<\/h2>\n\t\t\t\t\t\t<h3>\n\t\t\t\t<a href=https:\/\/econia.net\/ca\/la-comissio-europea-ha-fixat-normes-per-a-aplicar-lajustament-en-els-pagaments-per-emissions\/ title=\"La Comissi\u00f3 Europea ha fixat normes per a aplicar l'ajustament en els pagaments per emissions.\" tabindex=\"0\">La Comissi\u00f3 Europea ha fixat normes per a aplicar l&#8217;ajustament en els pagaments per emissions.<\/a>\t\t\t<\/h3>\n\t\t\t\t\t\t\t\tEl passat 17 d&#8217;agost, la Comissi\u00f3 Europea va aprovar les normes per a aplicar el denominat CBAM (Mecanisme &#8230;\n\t\t\t\t\t\t\t\t\t\t\t\t\t\t<a href=\"https:\/\/econia.net\/ca\/ja-arriba-la-tardor-estiu-sense-abelles-causes-i-efectes\/\" target=\"_self\" title=\"JA ARRIBA LA TARDOR&#8230;. ESTIU SENSE ABELLES: CAUSES I EFECTES\" rel=\"noopener\">\n\t\t\t\t<img decoding=\"async\" src=\"https:\/\/econia.net\/wp-content\/uploads\/2023\/10\/KatSmith-Imatge-abella-WEB-1024x1024.jpg\" alt=\"\" \/>\n\t\t\t\t<\/a>\n\t\t\t\t\t\t<h2>\n\t\t\t\t\t\t\t\toctubre\t\t\t\t\t\t\t\t\n\t\t\t\t\t\t\t\t11\n\t\t\t\t\t\t\t\t2023\n\t\t\t\t\t\t<\/h2>\n\t\t\t\t\t\t<h3>\n\t\t\t\t<a href=https:\/\/econia.net\/ca\/ja-arriba-la-tardor-estiu-sense-abelles-causes-i-efectes\/ title=\"JA ARRIBA LA TARDOR&#8230;. ESTIU SENSE ABELLES: CAUSES I EFECTES\" tabindex=\"0\">JA ARRIBA LA TARDOR&#8230;. ESTIU SENSE ABELLES: CAUSES I EFECTES<\/a>\t\t\t<\/h3>\n\t\t\t\t\t\t\t\tEls insectes tenen un paper essencial per als ecosistemes i els \u00e9ssers vius: en la pol\u00b7linitzaci\u00f3, en la &#8230;\n\t\t\t<ul class='page-numbers'>\n\t<li>1<\/li>\n\t<li><a href=\"https:\/\/econia.net\/ca\/paged-2\/2\/?page_id=52741&#038;fl_builder\">2<\/a><\/li>\n\t<li><a href=\"https:\/\/econia.net\/ca\/paged-2\/3\/?page_id=52741&#038;fl_builder\">3<\/a><\/li>\n\t<li>&hellip;<\/li>\n\t<li><a href=\"https:\/\/econia.net\/ca\/paged-2\/33\/?page_id=52741&#038;fl_builder\">33<\/a><\/li>\n\t<li><a href=\"https:\/\/econia.net\/ca\/paged-2\/2\/?page_id=52741&#038;fl_builder\">Entrades seg\u00fcents &raquo;<\/a><\/li>\n<\/ul>\n\t\t\t<h3>Qu\u00e8 opinen <br \/>de nosaltres<\/h3>\t\t\t\n\t\t\t\t\t\t\t\t<h3 class='uabb-testimonial-author-name testimonial-author-name'>Juan G\u00fcimil<\/h3>\t\t\t\t\t\t\t\t\n\t\t\t\t\t\t\t\t\tPeinaje del R\u00edo Llobregat, SL\t\t\t\t\t\t\t\t\n\t\t\t\t\t\t\t<p>Ens dediquem al reciclatge d&#8217;aig\u00fces residuals, per la qual cosa el compliment mediambiental i administratiu \u00e9s primordial. El coneixement en la mat\u00e8ria de l&#8217;equip professional d&#8217;<strong>econia<\/strong> \u00e9s molt satisfactori, que unit al tracte personal que han demostrat en la implementaci\u00f3 dels nostres projectes, han fet d&#8217;<strong>econia<\/strong> un company professional indispensable.<\/p>\t\t\t\t\t\t\n\t\t\t\t\t\t\t\t<h3 class='uabb-testimonial-author-name testimonial-author-name'>Llu\u00eds Soler<\/h3>\t\t\t\t\t\t\t\t\n\t\t\t\t\t\t\t\t\tAjuntament de Deltebre\t\t\t\t\t\t\t\t\n\t\t\t\t\t\t\t<p>Efici\u00e8ncia, professionalitat i innovaci\u00f3 s\u00f3n probablement tres de les paraules que m\u00e9s ajuden a definir el que cerquem els responsables de l&#8217;administraci\u00f3 p\u00fablica a l&#8217;hora de contractar els serveis a empreses externes. En aquest sentit, <strong>econia<\/strong> compleix amb escreix aquestes expectatives i ofereix un servei que est\u00e0 plenament a l&#8217;al\u00e7ada de la seva traject\u00f2ria.<\/p>\t\t\t\t\t\t\n\t\t\t\t\t\t\t\t<h3 class='uabb-testimonial-author-name testimonial-author-name'>Santiago D\u00e1vila<\/h3>\t\t\t\t\t\t\t\t\n\t\t\t\t\t\t\t\t\tMinisteri d&#8217;Agricultura, Alimentaci\u00f3 i Medi Ambient\t\t\t\t\t\t\t\t\n\t\t\t\t\t\t\t<p>En tot moment he trobat en <strong>econia<\/strong> a un aliat i fidel col\u00b7laborador.<\/p>\t\t\t\t\t\t\n\t\t\t\t\t\t\t\t<h3 class='uabb-testimonial-author-name testimonial-author-name'>Jes\u00fas Picatto<\/h3>\t\t\t\t\t\t\t\t\n\t\t\t\t\t\t\t\t\tANERVI\t\t\t\t\t\t\t\t\n\t\t\t\t\t\t\t<p>Uns grans companys de viatge a l&#8217;hora de resoldre, tramitar, gestionar i aportar idees bones i senzilles per a la r\u00e0pida execuci\u00f3 del projecte que estiguis desenvolupant.<\/p>\t\t\t\t\t\t\n\t\t\t\t\t\t\t\t<h3 class='uabb-testimonial-author-name testimonial-author-name'>Josep Ma. Escolano<\/h3>\t\t\t\t\t\t\t\t\n\t\t\t\t\t\t\t\t\tAETRAC\t\t\t\t\t\t\t\t\n\t\t\t\t\t\t\t<p>Amb <strong>econia<\/strong> hem consolidat l&#8217;associaci\u00f3, dotant als nostres membres d&#8217;un potencial t\u00e8cnic enorme. Avui representen el pilar fonamental que sustenta la totalitat dels serveis que AETRAC pot donar als associats.<\/p>\t\t\t\t\t\t\n\t\t\t<h3>Som autors i participants de diferents guies t\u00e8cniques, publicades per administracions i col\u00b7laborem peri\u00f2dicament en revistes especialitzades:<\/h3>\t\t\t\n\t\t\t<h3>\u00daltims articles<\/h3>\n\t<ul>\n\t\t<li><a href=\"https:\/\/autorecyclingworld.com\/elv-recycling-challenges-in-spain-2\/\" target=\"_blank\" rel=\"noopener nofollow\" aria-label=\"Go to https:\/\/autorecyclingworld.com\/elv-recycling-challenges-in-spain-2\/\"><\/a>\t\t\t\t\n\t\t<b>Desafiaments del reciclatge de vehicles a Espanya<\/b> &#8211; Auto Recycling World &#8211; Mar\u00e7 2020<\/li><li><a href=\"https:\/\/econia.net\/wp-content\/uploads\/2020\/01\/Recupera_cro\u0301nica.pdf\" target=\"_blank\" rel=\"noopener\" aria-label=\"Go to https:\/\/econia.net\/wp-content\/uploads\/2020\/01\/Recupera_cro\u0301nica.pdf\"><\/a>\t\t\t\t\n\t\t<b>Mesurar la petjada de carboni <\/b>&#8211; Revista RECUPERA &#8211; Desembre 2019<\/li><li><a href=\"https:\/\/eco-circular.com\/2019\/11\/07\/la-remanufactura-en-el-sector-de-la-automocion-un-circuito-basico-en-la-economia-circular\/\" target=\"_self\" aria-label=\"Go to https:\/\/eco-circular.com\/2019\/11\/07\/la-remanufactura-en-el-sector-de-la-automocion-un-circuito-basico-en-la-economia-circular\/\" rel=\"noopener nofollow\"><\/a>\t\t\t\t\n\t\t<b>La remanufactura en el sector de l&#8217;automoci\u00f3: un circuit b\u00e0sic en l&#8217;economia circular <\/b>&#8211; Portal de not\u00edcies ECO-CIRCULAR &#8211; Novembre 2019<\/li><li><a href=\"https:\/\/econia.net\/ca\/la-revolucio-dels-cotxes-hibrids-i-electrics-article-en-la-revista-recupera\/\" target=\"_blank\" rel=\"noopener\" aria-label=\"Go to https:\/\/econia.net\/ca\/la-revolucio-dels-cotxes-hibrids-i-electrics-article-en-la-revista-recupera\/\"><\/a>\t\t\t\t\n\t\t<b> La revoluci\u00f3 dels cotxes h\u00edbrids i el\u00e8ctrics <\/b>&#8211; Revista RECUPERA &#8211; Abril 2019<\/li><li><a href=\"https:\/\/econia.net\/wp-content\/uploads\/2018\/10\/Recupera_N106.pdf\" target=\"_blank\" rel=\"noopener\" aria-label=\"Go to https:\/\/econia.net\/wp-content\/uploads\/2018\/10\/Recupera_N106.pdf\"><\/a>\t\t\t\t\n\t\t<b>\u00daltim trimestre de l&#8217;any 2018: cal posar-se les piles amb els RAEE <\/b>&#8211; Revista RECUPERA &#8211; Setembre 2018<\/li><li><a href=\"https:\/\/econia.net\/wp-content\/uploads\/2018\/06\/EcoCir_AEDRA.pdf\" target=\"_blank\" rel=\"noopener\" aria-label=\"Go to https:\/\/econia.net\/wp-content\/uploads\/2018\/06\/EcoCir_AEDRA.pdf\"><\/a>\t\t\t\t\n\t\t<b>Economia circular: El rol de l&#8217;administraci\u00f3 p\u00fablica <\/b>&#8211; Revista AEDRA &#8211; Juny 2018<\/li><li><a href=\"https:\/\/econia.net\/las-tendencias-en-vfu-i-raees-hacia-la-economia-circular\/\" target=\"_blank\" rel=\"noopener\" aria-label=\"Go to https:\/\/econia.net\/las-tendencias-en-vfu-i-raees-hacia-la-economia-circular\/\"><\/a>\t\t\t\t\n\t\t<b>Les tend\u00e8ncies en VFU i RAEE&#8217;s cap a l&#8217;economia circular <\/b>&#8211; Revista RECUPERA &#8211; Octubre 2017<\/li><li><a href=\"https:\/\/econia.net\/ca\/el-rd-180-2015-sobre-el-transport-de-residus-ha-incrementat-la-carrega-administrativa-de-les-empreses-entrevista-a-meritxell-barroso\/\" target=\"_blank\" rel=\"noopener\" aria-label=\"Go to https:\/\/econia.net\/ca\/el-rd-180-2015-sobre-el-transport-de-residus-ha-incrementat-la-carrega-administrativa-de-les-empreses-entrevista-a-meritxell-barroso\/\"><\/a>\t\t\t\t\n\t\t<b>Entrevista Meritxell Barroso<\/b> &#8211; Revista RECUPERA &#8211; Abril 2017<\/li><li><a href=\"https:\/\/econia.net\/wp-content\/uploads\/2018\/10\/Revista_Recupera_98.pdf\" target=\"_blank\" rel=\"noopener\" aria-label=\"Go to https:\/\/econia.net\/wp-content\/uploads\/2018\/10\/Revista_Recupera_98.pdf\"><\/a>\t\t\t\t\n\t\t<b>Nova legislaci\u00f3 per als Vehicles Fora d&#8217;\u00das. Un pas m\u00e9s cap a l&#8217;Economia Circular <\/b> &#8211; Revista RECUPERA &#8211; Febrer 2017<\/li><li><a href=\"https:\/\/econia.net\/wp-content\/uploads\/2018\/10\/recupera-97meritxell.pdf\" target=\"_blank\" rel=\"noopener\" aria-label=\"Go to https:\/\/econia.net\/wp-content\/uploads\/2018\/10\/recupera-97meritxell.pdf\"><\/a>\t\t\t\t\n\t\t<b>L&#8217;evoluci\u00f3 del sector de la gesti\u00f3 de residus <\/b>&#8211; Revista RECUPERA &#8211; Gener 2017<\/li><li><a href=\"https:\/\/econia.net\/wp-content\/uploads\/2018\/10\/00.-Gestion-residuos.pdf\" target=\"_blank\" rel=\"noopener\" aria-label=\"Go to https:\/\/econia.net\/wp-content\/uploads\/2018\/10\/00.-Gestion-residuos.pdf\"><\/a>\t\t\t\t\n\t\t<b>Reutilitzaci\u00f3 de seients procedents de vehicles fora d&#8217;\u00fas, com a mobles d&#8217;alta qualitat<\/b>&#8211; Revista FUTURENVIRO &#8211; Desembre 2016<\/li>\t<\/ul>\n\t\t\t<h3>Publicacions<\/h3>\n\t<ul>\n\t\t<li><a href=\"http:\/\/residus.gencat.cat\/web\/.content\/home\/lagencia\/publicacions\/prevencio\/guia_vfus_18.pdf\" target=\"_blank\" rel=\"noopener nofollow\" aria-label=\"Go to http:\/\/residus.gencat.cat\/web\/.content\/home\/lagencia\/publicacions\/prevencio\/guia_vfus_18.pdf\"><\/a>\t\t\t\t\n\t\t<b>Guia de bones pr\u00e0ctiques per a la gesti\u00f3 de vehicles fora d&#8217;\u00fas <\/b>&#8211; Ag\u00e8ncia de Residus de Catalunya.<\/li><li><a href=\"http:\/\/residus.gencat.cat\/web\/.content\/home\/ambits_dactuacio\/tipus_de_residu\/vehicles_fora_dus\/GUIA_VFUI_web.pdf\" target=\"_blank\" rel=\"noopener nofollow\" aria-label=\"Go to http:\/\/residus.gencat.cat\/web\/.content\/home\/ambits_dactuacio\/tipus_de_residu\/vehicles_fora_dus\/GUIA_VFUI_web.pdf\"><\/a>\t\t\t\t\n\t\t<b>Guia del reciclatge de vehicles fora d&#8217;\u00fas industrials a Catalunya<\/b> &#8211; Ag\u00e8ncia de Residus de Catalunya.<\/li><li><a href=\"http:\/\/residus.gencat.cat\/web\/.content\/home\/ambits_dactuacio\/tipus_de_residu\/vehicles_fora_dus\/Manual-DARIG-VFU.pdf\" target=\"_blank\" rel=\"noopener nofollow\" aria-label=\"Go to http:\/\/residus.gencat.cat\/web\/.content\/home\/ambits_dactuacio\/tipus_de_residu\/vehicles_fora_dus\/Manual-DARIG-VFU.pdf\"><\/a>\t\t\t\t\n\t\t<b>Manual d&#8217;Instruccions per emplenar la DARIG de VFU<\/b>&#8211; Ag\u00e8ncia de Residus de Catalunya.<\/li><li><a href=\"http:\/\/www.gencat.cat\/mediamb\/publicacions\/monografies\/guia_bones_practiques_metalls.pdf\" target=\"_blank\" rel=\"noopener nofollow\" aria-label=\"Go to http:\/\/www.gencat.cat\/mediamb\/publicacions\/monografies\/guia_bones_practiques_metalls.pdf\"><\/a>\t\t\t\t\n\t\t<b>Guia de bones pr\u00e0ctiques per a la recuperaci\u00f3 de metalls a Catalunya <\/b>&#8211; Ag\u00e8ncia de Residus de Catalunya.<\/li><li><a href=\"http:\/\/www.euskadi.eus\/gobierno-vasco\/departamento-medio-ambiente-planificacion-territorial-vivienda\/\" target=\"_blank\" rel=\"noopener nofollow\" aria-label=\"Go to http:\/\/www.euskadi.eus\/gobierno-vasco\/departamento-medio-ambiente-planificacion-territorial-vivienda\/\"><\/a>\t\t\t\t\n\t\t<b> Estudi peces recuperades en els CAT del Pa\u00eds Basc<\/b>&#8211; Viceconselleria Medi Ambient Pa\u00eds Basc.<\/li><li><a href=\"https:\/\/www.lavozdeasturias.es\/noticia\/asturiascon-r\/2019\/05\/28\/sabes-circular\/00031559061597786543690.htm\" target=\"_blank\" rel=\"noopener nofollow\" aria-label=\"Go to https:\/\/www.lavozdeasturias.es\/noticia\/asturiascon-r\/2019\/05\/28\/sabes-circular\/00031559061597786543690.htm\"><\/a>\t\t\t\t\n\t\t<b>Pon\u00e8ncia &#8220;Cam\u00ed cap a la circularitat&#8221;<\/b> &#8211; La Voz de Asturias <\/li>\t<\/ul>\n\t<a href=\"https:\/\/twitter.com\/EconiaSL\" target=\"_blank\" rel=\"noopener nofollow\" aria-label=\"Go to https:\/\/twitter.com\/EconiaSL\"><\/a>\n\t<a href=\"https:\/\/twitter.com\/EconiaSL\" target=\"_blank\" rel=\"noopener nofollow\" aria-label=\"Go to https:\/\/twitter.com\/EconiaSL\"><\/a>\n\t\t\t<h3>El nostre dia a dia a Twitter<\/h3>\t\t\t\n\n","protected":false},"excerpt":{"rendered":"<p>Not\u00edcies i actualitat gener 22 2024 Nova llei de la UE que prohibeix el blanqueig ecol\u00f2gic i la informaci\u00f3 enganyosa Quedaran prohibides les al\u00b7legacions mediambientals gen\u00e8riques i altra informaci\u00f3 enganyosa. Nom\u00e9s s&#8217; acceptaran etiquetes de sostenibilitat basades en &#8230; A Econia informem de l&#8217;actualitat d&#8217;una forma \u00e0gil, mitjan\u00e7ant not\u00edcies d&#8217;inter\u00e8s relacionades amb el sector i [&hellip;]<\/p>\n","protected":false},"author":1,"featured_media":0,"parent":0,"menu_order":0,"comment_status":"closed","ping_status":"closed","template":"","meta":{"inline_featured_image":false,"_exactmetrics_skip_tracking":false,"_exactmetrics_sitenote_active":false,"_exactmetrics_sitenote_note":"","_exactmetrics_sitenote_category":0,"footnotes":""},"class_list":["post-52741","page","type-page","status-publish","hentry","entry"],"_links":{"self":[{"href":"https:\/\/econia.net\/ca\/wp-json\/wp\/v2\/pages\/52741","targetHints":{"allow":["GET"]}}],"collection":[{"href":"https:\/\/econia.net\/ca\/wp-json\/wp\/v2\/pages"}],"about":[{"href":"https:\/\/econia.net\/ca\/wp-json\/wp\/v2\/types\/page"}],"author":[{"embeddable":true,"href":"https:\/\/econia.net\/ca\/wp-json\/wp\/v2\/users\/1"}],"replies":[{"embeddable":true,"href":"https:\/\/econia.net\/ca\/wp-json\/wp\/v2\/comments?post=52741"}],"version-history":[{"count":4,"href":"https:\/\/econia.net\/ca\/wp-json\/wp\/v2\/pages\/52741\/revisions"}],"predecessor-version":[{"id":54177,"href":"https:\/\/econia.net\/ca\/wp-json\/wp\/v2\/pages\/52741\/revisions\/54177"}],"wp:attachment":[{"href":"https:\/\/econia.net\/ca\/wp-json\/wp\/v2\/media?parent=52741"}],"curies":[{"name":"wp","href":"https:\/\/api.w.org\/{rel}","templated":true}]}}