{"id":52738,"date":"2018-05-31T10:02:26","date_gmt":"2018-05-31T10:02:26","guid":{"rendered":"https:\/\/econia.net\/quienes-somos\/"},"modified":"2019-04-24T07:32:37","modified_gmt":"2019-04-24T07:32:37","slug":"qui-som","status":"publish","type":"page","link":"https:\/\/econia.net\/ca\/qui-som\/","title":{"rendered":"Qui som"},"content":{"rendered":"\n\t\t\t<h1>Qui som<\/h1>\t\t\t\n\t\t\t\t<p>L&#8217;equip que conforma <a href=\"https:\/\/econia.net\/ca\/\">econia<\/a> \u00e9s plurisciplinar, amb professionals altament qualificats i amb demostrada experi\u00e8ncia a les \u00e0rees de coneixement en les quals donem servei.<\/p>\n\t\t\t\t<p>Dirigint l&#8217;equip, es<br \/>troben els dos socis:<\/p>\n\t\t\t\t<img decoding=\"async\" src=\"https:\/\/econia.net\/wp-content\/uploads\/2018\/05\/econia_Albert_BN-1.jpg\" alt=\"econia_Albert_BN-1\" itemprop=\"image\"\/>\n\t\t<\/a>\t\t \n\t\t<h3>Albert Custodio<\/h3>Soci d&#8217;<b>econia<\/b>\n<p>Llicenciat en Biologia (UB), M\u00e0ster en Enginyeria i Gesti\u00f3 de les Energies Renovables (UB) i International Master in Business Administration (URL-Manhattan College New York)..<\/p>\nCo-gerent d\u2019<b>econia<\/b>, Project Manager i responsable dels projectes d\u2019activitats i gesti\u00f3 ambiental de clients privats.\n\n\nAssessor i t\u00e8cnic acreditat en redacci\u00f3 i implantaci\u00f3 de Plans d\u2019Autoprotecci\u00f3, i especialista en normativa de prevenci\u00f3 contra incendis.\n\n\nResponsable de projectes d\u2019efici\u00e8ncia energ\u00e8tica i estudis de viabilitat i implantaci\u00f3 d\u2019energies renovables.\n\n\nDesenvolupa tasques de revisi\u00f3 de llic\u00e8ncies ambientals i d\u2019activitat en diversos ajuntaments i assessora t\u00e8cnica i estrat\u00e8gicament empreses de gesti\u00f3 de residus i altres empreses amb incid\u00e8ncia ambiental.\t\t\t\t\t\t\t\n\t\t\t\t<a href=\"https:\/\/www.linkedin.com\/in\/albert-custodio-503a7734\" target=\"_blank\" rel=\"noopener nofollow\">\t\t\t\t\n\t\t<\/a><a href=\"https:\/\/twitter.com\/AlbertCust\" target=\"_blank\" rel=\"noopener nofollow\">\t\t\t\t\n\t\t<\/a>\t\t\t\t \n\t\t\t\t<img decoding=\"async\" src=\"https:\/\/econia.net\/wp-content\/uploads\/2019\/04\/econia_Txell_BN.jpg\" alt=\"econia_Txell_BN\" itemprop=\"image\"\/>\n\t\t<\/a>\t\t \n\t\t<h3>Meritxell Barroso<\/h3>Socia d&#8217;<b>econia<\/b>\nLlicenciada en Qu\u00edmica (UB), M\u00e0ster en Empresa i Qualitat Ambiental (URL) i International Master in Business Administration (URL-Manhattan College New York).\n\n\nA m\u00e9s de la co-ger\u00e8ncia i direcci\u00f3 estrat\u00e8gica d&#8217;<b>econia<\/b>, com a especialista en medi ambient i economia circular, \u00e9s responsable i project manager de diferents projectes d&#8217;economia circular, ecoinnovaci\u00f3 i ecodisseny, aix\u00ed com, projectes LIFE i HORIZON2020.\n\n\nEst\u00e8 especialitzada en l&#8217;assessorament i acompanyament a l&#8217;administraci\u00f3 p\u00fablica en definici\u00f3 de pol\u00edtiques i accions mediambientals.\n\n \nA la vegada, dirigeix diferents associacions empresarials relacionades amb el medi ambient, de forma t\u00e0ctica y operativa.\t\t\t\t\t\t\t\n\t\t\t\t<a href=\"https:\/\/twitter.com\/TxellBasa\" target=\"_blank\" rel=\"noopener nofollow\">\t\t\t\t\n\t\t<\/a>\t\t\t\t \n","protected":false},"excerpt":{"rendered":"<p>Qui som L&#8217;equip que conforma econia \u00e9s plurisciplinar, amb professionals altament qualificats i amb demostrada experi\u00e8ncia a les \u00e0rees de coneixement en les quals donem servei. Dirigint l&#8217;equip, estroben els dos socis: Albert Custodio Soci d&#8217;econia Llicenciat en Biologia (UB), M\u00e0ster en Enginyeria i Gesti\u00f3 de les Energies Renovables (UB) i International Master in Business [&hellip;]<\/p>\n","protected":false},"author":1,"featured_media":0,"parent":0,"menu_order":0,"comment_status":"closed","ping_status":"closed","template":"","meta":{"inline_featured_image":false,"_exactmetrics_skip_tracking":false,"_exactmetrics_sitenote_active":false,"_exactmetrics_sitenote_note":"","_exactmetrics_sitenote_category":0,"footnotes":""},"class_list":["post-52738","page","type-page","status-publish","hentry","entry"],"_links":{"self":[{"href":"https:\/\/econia.net\/ca\/wp-json\/wp\/v2\/pages\/52738","targetHints":{"allow":["GET"]}}],"collection":[{"href":"https:\/\/econia.net\/ca\/wp-json\/wp\/v2\/pages"}],"about":[{"href":"https:\/\/econia.net\/ca\/wp-json\/wp\/v2\/types\/page"}],"author":[{"embeddable":true,"href":"https:\/\/econia.net\/ca\/wp-json\/wp\/v2\/users\/1"}],"replies":[{"embeddable":true,"href":"https:\/\/econia.net\/ca\/wp-json\/wp\/v2\/comments?post=52738"}],"version-history":[{"count":0,"href":"https:\/\/econia.net\/ca\/wp-json\/wp\/v2\/pages\/52738\/revisions"}],"wp:attachment":[{"href":"https:\/\/econia.net\/ca\/wp-json\/wp\/v2\/media?parent=52738"}],"curies":[{"name":"wp","href":"https:\/\/api.w.org\/{rel}","templated":true}]}}