{"id":314,"date":"2018-05-25T13:16:32","date_gmt":"2018-05-25T13:16:32","guid":{"rendered":"https:\/\/econia.net\/inici\/"},"modified":"2024-07-21T11:28:55","modified_gmt":"2024-07-21T09:28:55","slug":"inici","status":"publish","type":"page","link":"https:\/\/econia.net\/ca\/","title":{"rendered":"Inici"},"content":{"rendered":"\n\n\t\t\t\t<img decoding=\"async\" src=\"https:\/\/econia.net\/wp-content\/uploads\/2018\/06\/econia_icona_1_no_anim-1.svg\" alt=\"econia_icona_1_no_anim\" title=\"econia_icona_1_no_anim\" itemprop=\"image\"\/>\n\t\t<h3>Qui som?<\/h3>\t\t\t\n\t\t\t\t<p>Som una empresa de consultoria ambiental que t\u00e9 per objectiu contribuir al creixement sostenible de la societat i aconseguir un desenvolupament econ\u00f2mic i industrial responsable amb el medi ambient. <\/p>\n\t\t\t\t<img decoding=\"async\" src=\"https:\/\/econia.net\/wp-content\/uploads\/2018\/06\/econia_icona_2_no_anim-1.svg\" alt=\"econia_icona_2_no_anim\" title=\"econia_icona_2_no_anim\" itemprop=\"image\"\/>\n\t\t<h3>Qu\u00e8 fem?<\/h3>\t\t\t\n\t\t\t\t<p>Oferim un servei integral d&#8217;assessorament, consultoria i\/o enginyeria, en medi ambient a empreses privades. Tamb\u00e9 ajudem a administracions p\u00fabliques en la definici\u00f3 de pol\u00edtiques ambientals.<\/p>\n\t\t\t\t<img decoding=\"async\" src=\"https:\/\/econia.net\/wp-content\/uploads\/2018\/06\/econia_icona_3_no_anim-2.svg\" alt=\"econia_icona_3_no_anim\" title=\"econia_icona_3_no_anim\" itemprop=\"image\"\/>\n\t\t<h3>Com ho fem?<\/h3>\t\t\t\n\t\t\t\t<p>Conjuguem la nostra experi\u00e8ncia t\u00e8cnica amb el coneixement en tend\u00e8ncies pol\u00edtiques i econ\u00f2miques, per oferir solucions eficients i innovadores, enfocades cap a la sostenibilitat.<\/p>\n\t\t\t<h3>\u00daltims projectes<\/h3>\n\t\t\t\t<p>El nostre coneixement de l&#8217;empresa privada, de l&#8217;administraci\u00f3 p\u00fablica i de l&#8217;entorn, ens permet avaluar, de forma objectiva, projectes, estrat\u00e8gies i accions; aix\u00ed com realitzar propostes de millora i canals de posta en marxa.<\/p>\n\t\t\t\t<p>En tots els nostres projectes proporcionem solucions als nostres clients, garantint sostenibilitat, responsabilitat, un acompanyament en el proc\u00e9s de canvi i el compliment de la legislaci\u00f3 vigent. En tots ells enllacem el desenvolupament de la societat actual amb la protecci\u00f3 del medi ambient.<\/p>\n\t\t\t\t<img decoding=\"async\" src=\"https:\/\/econia.net\/wp-content\/uploads\/2018\/12\/econia_Project_6_Inici.jpg\" alt=\"econia_Project_6_Inici\"\/>\n\t\t\t<h3>Ecoinnovaci\u00f3 i economia circular<\/h3>\n\t\t<a href=\"https:\/\/econia.net\/ca\/proyecto\/aplicacio-de-lecoinnovacio-i-economia-circular-en-components-dautocars\/\" target=\"\" aria-label=\"Go to https:\/\/econia.net\/ca\/proyecto\/aplicacio-de-lecoinnovacio-i-economia-circular-en-components-dautocars\/\" rel=\"noopener\"><\/a>\n\t\t\t\t<img decoding=\"async\" src=\"https:\/\/econia.net\/wp-content\/uploads\/2018\/06\/econia_Project_2_Inici.jpg\" alt=\"econia_Project_2_Inici\"\/>\n\t\t\t<h3>Legalitzaci\u00f3 activitat<\/h3>\n\t\t<a href=\"https:\/\/econia.net\/ca\/proyecto\/disseny-i-autoritzacio-dun-centre-de-tractament-de-vehicles\/\" target=\"\" aria-label=\"Go to https:\/\/econia.net\/ca\/proyecto\/disseny-i-autoritzacio-dun-centre-de-tractament-de-vehicles\/\" rel=\"noopener\"><\/a>\n\t\t\t\t<img decoding=\"async\" src=\"https:\/\/econia.net\/wp-content\/uploads\/2018\/06\/econia_Project_3_Inici.jpg\" alt=\"econia_Project_3_Inici\"\/>\n\t\t\t<h3>Certificaci\u00f3 energ\u00e8tica<\/h3>\n\t\t<a href=\"https:\/\/econia.net\/ca\/proyecto\/consecucio-certificacio-energetica-leedgold-en-edifici-doficines\/\" target=\"\" aria-label=\"Go to https:\/\/econia.net\/ca\/proyecto\/consecucio-certificacio-energetica-leedgold-en-edifici-doficines\/\" rel=\"noopener\"><\/a>\n\t\t\t\t<img decoding=\"async\" src=\"https:\/\/econia.net\/wp-content\/uploads\/2018\/05\/logoimago-1.svg\" alt=\"logoimago\"\/>\n\t\t\t<h3>Veure m\u00e9s projectes<\/h3>\n\t\t<a href=\"https:\/\/econia.net\/ca\/projectes\/\" target=\"\" aria-label=\"Go to https:\/\/econia.net\/ca\/projectes\/\" rel=\"noopener\"><\/a>\n\t\t\t\t<img decoding=\"async\" src=\"https:\/\/econia.net\/wp-content\/uploads\/2018\/12\/econia_Project_6_Inici.jpg\" alt=\"econia_Project_6_Inici\"\/>\n\t\t\t<h3>Ecoinnovaci\u00f3 i economia circular<\/h3>\n\t\t<a href=\"https:\/\/econia.net\/ca\/proyecto\/aplicacio-de-lecoinnovacio-i-economia-circular-en-components-dautocars\/\" target=\"\" aria-label=\"Go to https:\/\/econia.net\/ca\/proyecto\/aplicacio-de-lecoinnovacio-i-economia-circular-en-components-dautocars\/\" rel=\"noopener\"><\/a>\n\t\t\t\t<img decoding=\"async\" src=\"https:\/\/econia.net\/wp-content\/uploads\/2018\/06\/econia_Project_2_Inici.jpg\" alt=\"econia_Project_2_Inici\"\/>\n\t\t\t<h3>Legalitzaci\u00f3 activitat<\/h3>\n\t\t<a href=\"https:\/\/econia.net\/ca\/proyecto\/disseny-i-autoritzacio-dun-centre-de-tractament-de-vehicles\/\" target=\"\" aria-label=\"Go to https:\/\/econia.net\/ca\/proyecto\/disseny-i-autoritzacio-dun-centre-de-tractament-de-vehicles\/\" rel=\"noopener\"><\/a>\n\t\t\t\t<img decoding=\"async\" src=\"https:\/\/econia.net\/wp-content\/uploads\/2018\/06\/econia_Project_3_Inici.jpg\" alt=\"econia_Project_3_Inici\"\/>\n\t\t\t<h3>Certificaci\u00f3 energ\u00e8tica<\/h3>\n\t\t<a href=\"https:\/\/econia.net\/ca\/proyecto\/consecucio-certificacio-energetica-leedgold-en-edifici-doficines\/\" target=\"\" aria-label=\"Go to https:\/\/econia.net\/ca\/proyecto\/consecucio-certificacio-energetica-leedgold-en-edifici-doficines\/\" rel=\"noopener\"><\/a>\n\t\t\t\t<img decoding=\"async\" src=\"https:\/\/econia.net\/wp-content\/uploads\/2018\/05\/logoimago-1.svg\" alt=\"logoimago\"\/>\n\t\t<a href=\"https:\/\/econia.net\/ca\/projectes\/\" target=\"\" aria-label=\"Go to https:\/\/econia.net\/ca\/projectes\/\" rel=\"noopener\"><\/a>\n\t<a href=\"https:\/\/econia.net\/ca\/projectes\/\" target=\"_self\" aria-label=\"Go to https:\/\/econia.net\/ca\/projectes\/\" rel=\"noopener\"><\/a>\n\t\t\t<h3>Veure m\u00e9s projectes<\/h3>\t\t\t\n\t<a href=\"https:\/\/econia.net\/comunicacion\/\" target=\"_self\" aria-label=\"Go to https:\/\/econia.net\/comunicacion\/\" rel=\"noopener\"><\/a>\n\t\t\t<h3>Les nostres not\u00edcies, <br \/>articles i publicacions<\/h3>\n\t<a href=\"https:\/\/econia.net\/comunicacion\/\" target=\"_self\" aria-label=\"Go to https:\/\/econia.net\/comunicacion\/\" rel=\"noopener\"><\/a>\n\t\t\t\t<p>Compartim els nostres coneixements i experi\u00e8ncia, a trav\u00e9s de diferents formats.\u00a0Som autors i participants de diferents guies t\u00e8cniques, publicades per administracions i col\u00b7laborem peri\u00f2dicament en revistes especialitzades.<\/p>\n\t\t<h3>Not\u00edcies<\/h3>\t\t\t\n\t\t\t\t\t\t\t\t\t\t\t\t\t\t<a href=\"https:\/\/econia.net\/ca\/la-ue-endureix-les-condicions-dexportacio-de-residus-a-tercers-paisos\/\" target=\"_self\" title=\"LA UE ENDUREIX LES CONDICIONS D'EXPORTACI\u00d3 DE RESIDUS A TERCERS PA\u00cfSOS\" rel=\"noopener\">\n\t\t\t\t<img decoding=\"async\" src=\"https:\/\/econia.net\/wp-content\/uploads\/2024\/05\/exportacion-residuos-300x180.jpg\" alt=\"\" \/>\n\t\t\t\t<\/a>\n\t\t\t\t\t\t<h2>\n\t\t\t\t\t\t\t\tmaig\t\t\t\t\t\t\t\t\n\t\t\t\t\t\t\t\t23\n\t\t\t\t\t\t\t\t2024\n\t\t\t\t\t\t<\/h2>\n\t\t\t\t\t\t<h3>\n\t\t\t\t<a href=https:\/\/econia.net\/ca\/la-ue-endureix-les-condicions-dexportacio-de-residus-a-tercers-paisos\/ title=\"LA UE ENDUREIX LES CONDICIONS D'EXPORTACI\u00d3 DE RESIDUS A TERCERS PA\u00cfSOS\" tabindex=\"0\">LA UE ENDUREIX LES CONDICIONS D&#8217;EXPORTACI\u00d3 DE RESIDUS A TERCERS PA\u00cfSOS<\/a>\t\t\t<\/h3>\n\t\t\t\t\t\t\t\tEl 20\/05\/2024 va entrar en vigor la nova normativa europea que pret\u00e9n contribuir a l&#8217;economia circular i potenciar &#8230;\n\t\t\t\t\t\t\t\t\t\t\t\t\t\t<a href=\"https:\/\/econia.net\/ca\/la-recuperacio-i-el-reciclatge-dels-palets-la-logistica-sostenible\/\" target=\"_self\" title=\"La recuperaci\u00f3 i el reciclatge dels palets: la log\u00edstica sostenible.\" rel=\"noopener\">\n\t\t\t\t<img decoding=\"async\" src=\"https:\/\/econia.net\/wp-content\/uploads\/2024\/02\/FOTO-PALETS-300x225.jpeg\" alt=\"\" \/>\n\t\t\t\t<\/a>\n\t\t\t\t\t\t<h2>\n\t\t\t\t\t\t\t\tfebrer\t\t\t\t\t\t\t\t\n\t\t\t\t\t\t\t\t6\n\t\t\t\t\t\t\t\t2024\n\t\t\t\t\t\t<\/h2>\n\t\t\t\t\t\t<h3>\n\t\t\t\t<a href=https:\/\/econia.net\/ca\/la-recuperacio-i-el-reciclatge-dels-palets-la-logistica-sostenible\/ title=\"La recuperaci\u00f3 i el reciclatge dels palets: la log\u00edstica sostenible.\" tabindex=\"0\">La recuperaci\u00f3 i el reciclatge dels palets: la log\u00edstica sostenible.<\/a>\t\t\t<\/h3>\n\t\t\t\t\t\t\t\tL&#8217;\u00fas de palets en la log\u00edstica \u00e9s un pilar fonamental per al transport eficient de mercaderies i materials &#8230;\n\t\t<h3>@EconiaSL<\/h3>\t\t\t\n\n","protected":false},"excerpt":{"rendered":"<p>Qui som? Som una empresa de consultoria ambiental que t\u00e9 per objectiu contribuir al creixement sostenible de la societat i aconseguir un desenvolupament econ\u00f2mic i industrial responsable amb el medi ambient. Qu\u00e8 fem? Oferim un servei integral d&#8217;assessorament, consultoria i\/o enginyeria, en medi ambient a empreses privades. Tamb\u00e9 ajudem a administracions p\u00fabliques en la definici\u00f3 [&hellip;]<\/p>\n","protected":false},"author":1,"featured_media":0,"parent":0,"menu_order":0,"comment_status":"closed","ping_status":"closed","template":"","meta":{"inline_featured_image":false,"_exactmetrics_skip_tracking":false,"_exactmetrics_sitenote_active":false,"_exactmetrics_sitenote_note":"","_exactmetrics_sitenote_category":0,"footnotes":""},"class_list":["post-314","page","type-page","status-publish","hentry","entry"],"_links":{"self":[{"href":"https:\/\/econia.net\/ca\/wp-json\/wp\/v2\/pages\/314","targetHints":{"allow":["GET"]}}],"collection":[{"href":"https:\/\/econia.net\/ca\/wp-json\/wp\/v2\/pages"}],"about":[{"href":"https:\/\/econia.net\/ca\/wp-json\/wp\/v2\/types\/page"}],"author":[{"embeddable":true,"href":"https:\/\/econia.net\/ca\/wp-json\/wp\/v2\/users\/1"}],"replies":[{"embeddable":true,"href":"https:\/\/econia.net\/ca\/wp-json\/wp\/v2\/comments?post=314"}],"version-history":[{"count":1,"href":"https:\/\/econia.net\/ca\/wp-json\/wp\/v2\/pages\/314\/revisions"}],"predecessor-version":[{"id":54231,"href":"https:\/\/econia.net\/ca\/wp-json\/wp\/v2\/pages\/314\/revisions\/54231"}],"wp:attachment":[{"href":"https:\/\/econia.net\/ca\/wp-json\/wp\/v2\/media?parent=314"}],"curies":[{"name":"wp","href":"https:\/\/api.w.org\/{rel}","templated":true}]}}